{"id":11,"date":"2016-07-08T10:11:23","date_gmt":"2016-07-08T08:11:23","guid":{"rendered":"http:\/\/infopc16.net\/?page_id=11"},"modified":"2024-12-10T19:01:17","modified_gmt":"2024-12-10T18:01:17","slug":"accueil","status":"publish","type":"page","link":"https:\/\/infopc16.net\/","title":{"rendered":"ACCUEIL"},"content":{"rendered":"\n\n\n<p>Bonjour, je suis Souriette. Je vous apporte toute l&rsquo;assistance que vous souhaitez :<\/p>\n<table style=\"width: 100%; border-collapse: collapse; height: 479px;\" border=\"0\" cellpadding=\"1\">\n<tbody>\n<tr style=\"height: 40px;\">\n<td style=\"width: 30.5952%; height: 392px; text-align: center; vertical-align: middle;\" rowspan=\"6\"><img loading=\"lazy\" decoding=\"async\" class=\"aligncenter  wp-image-123\" src=\"https:\/\/infopc16.net\/wp-content\/uploads\/2024\/02\/octette.png\" alt=\"\" width=\"292\" height=\"292\" srcset=\"https:\/\/infopc16.net\/wp-content\/uploads\/2024\/02\/octette.png 1024w, https:\/\/infopc16.net\/wp-content\/uploads\/2024\/02\/octette-300x300.png 300w, https:\/\/infopc16.net\/wp-content\/uploads\/2024\/02\/octette-150x150.png 150w, https:\/\/infopc16.net\/wp-content\/uploads\/2024\/02\/octette-768x768.png 768w, https:\/\/infopc16.net\/wp-content\/uploads\/2024\/02\/octette-100x100.png 100w, https:\/\/infopc16.net\/wp-content\/uploads\/2024\/02\/octette-200x200.png 200w, https:\/\/infopc16.net\/wp-content\/uploads\/2024\/02\/octette-450x450.png 450w, https:\/\/infopc16.net\/wp-content\/uploads\/2024\/02\/octette-600x600.png 600w, https:\/\/infopc16.net\/wp-content\/uploads\/2024\/02\/octette-900x900.png 900w\" sizes=\"auto, (max-width: 292px) 100vw, 292px\" \/><\/td>\n<td style=\"width: 1.19048%; height: 40px;\">\n<p>\u00a0<\/p>\n<\/td>\n<td style=\"width: 78.8094%; height: 40px; vertical-align: middle;\">\n<p>Un nettoyage, une optimisation ? Je prends mon chiffon !<\/p>\n<\/td>\n<\/tr>\n<tr style=\"height: 40px;\">\n<td style=\"width: 1.19048%; height: 40px;\">\n<p>\u00a0<\/p>\n<\/td>\n<td style=\"width: 78.8094%; height: 40px; vertical-align: middle;\">Un virus \u00e0 \u00e9radiquer ? Vite, une piqure !<\/td>\n<\/tr>\n<tr style=\"height: 40px;\">\n<td style=\"width: 1.19048%; height: 40px;\">\n<p>\u00a0<\/p>\n<\/td>\n<td style=\"width: 78.8094%; height: 40px; vertical-align: middle;\">Un mot de passe perdu ? On cherche et on trouve !<\/td>\n<\/tr>\n<tr style=\"height: 40px;\">\n<td style=\"width: 1.19048%; height: 40px;\">\u00a0<\/td>\n<td style=\"width: 78.8094%; height: 40px; vertical-align: middle;\">\n<p>Un document administratif ? On vous accompagne.<\/p>\n<\/td>\n<\/tr>\n<tr style=\"height: 40px;\">\n<td style=\"width: 1.19048%; height: 40px;\">\u00a0<\/td>\n<td style=\"width: 78.8094%; vertical-align: middle; height: 40px;\">\n<p>Une nouvelle Box, un Smartphone, une tablette, un PC ? On met en service.<\/p>\n<\/td>\n<\/tr>\n<tr style=\"height: 40px;\">\n<td style=\"width: 1.19048%; height: 40px;\">\u00a0<\/td>\n<td style=\"width: 78.8094%; height: 40px; vertical-align: middle;\">\n<p>Juste un conseil ? On est l\u00e0 !<\/p>\n<\/td>\n<\/tr>\n<tr style=\"height: 87px;\">\n<td style=\"height: 87px; width: 110.595%;\" colspan=\"3\">\n<p><strong>Ne vous d\u00e9placez pas !<\/strong> INFOPC 16 est une assistance informatique \u00e0 votre domicile. Fini les petits tracas du quotidien,<\/p>\n<p style=\"text-align: center;\"><span style=\"text-decoration: underline;\"><strong>un seul num\u00e9ro : 06 19 96 33 38<\/strong><\/span><\/p>\n<p>du lundi au vendredi, de 09 h\u00a0 \u00e0 19 h.<\/p>\n<\/td>\n<\/tr>\n<tr>\n<td style=\"width: 110.595%;\" colspan=\"3\">Agr\u00e9\u00e9 par l&rsquo;\u00e9tat comme prestataire de services \u00e0 la personne et de services informatiques \u00e0 domicile, nous vous permettons de r\u00e9aliser une d\u00e9duction fiscale de 50%<br \/>(Selon loi en vigueur).\n<p>\u00a0<\/p>\n<\/td>\n<\/tr>\n<\/tbody>\n<\/table>\n<p style=\"text-align: center;\">Entrepreneur Individuel &#8211; Siret : 51001861700033 &#8211; Code APE 95.11Z<br \/>Immatricul\u00e9 au R\u00e9pertoire des M\u00e9tiers : 510018617RM16<br \/>Service \u00e0 la Personne : SAP510018617 du 02\/06\/2015 &amp; Agr\u00e9ment : N\/080610\/F\/016\/S\/023 du 08\/06\/2010<\/p>\n<h6 style=\"text-align: center;\"><span style=\"color: #ffffff;\"><a style=\"color: #ffffff;\" href=\"https:\/\/infopc16.net\/index.php\/mentions-legales\/\">Mentions L\u00e9gales<\/a><\/span><\/h6>\n","protected":false},"excerpt":{"rendered":"<p>Bonjour, je suis Souriette. Je vous apporte toute l&rsquo;assistance que vous souhaitez : \u00a0 Un nettoyage, une optimisation ? Je prends mon chiffon ! \u00a0 Un virus \u00e0 \u00e9radiquer ? Vite, une piqure ! \u00a0 Un mot de passe perdu<span class=\"ellipsis\">&hellip;<\/span><\/p>\n<div class=\"read-more\"><a href=\"https:\/\/infopc16.net\/\">Lire la suite <span class=\"screen-reader-text\">ACCUEIL<\/span><span class=\"meta-nav\"> &#8250;<\/span><\/a><\/div>\n<p><!-- end of .read-more --><\/p>\n","protected":false},"author":1,"featured_media":0,"parent":0,"menu_order":0,"comment_status":"closed","ping_status":"closed","template":"page-templates\/full-width-page.php","meta":{"footnotes":""},"class_list":["post-11","page","type-page","status-publish","hentry"],"_links":{"self":[{"href":"https:\/\/infopc16.net\/index.php\/wp-json\/wp\/v2\/pages\/11","targetHints":{"allow":["GET"]}}],"collection":[{"href":"https:\/\/infopc16.net\/index.php\/wp-json\/wp\/v2\/pages"}],"about":[{"href":"https:\/\/infopc16.net\/index.php\/wp-json\/wp\/v2\/types\/page"}],"author":[{"embeddable":true,"href":"https:\/\/infopc16.net\/index.php\/wp-json\/wp\/v2\/users\/1"}],"replies":[{"embeddable":true,"href":"https:\/\/infopc16.net\/index.php\/wp-json\/wp\/v2\/comments?post=11"}],"version-history":[{"count":37,"href":"https:\/\/infopc16.net\/index.php\/wp-json\/wp\/v2\/pages\/11\/revisions"}],"predecessor-version":[{"id":184,"href":"https:\/\/infopc16.net\/index.php\/wp-json\/wp\/v2\/pages\/11\/revisions\/184"}],"wp:attachment":[{"href":"https:\/\/infopc16.net\/index.php\/wp-json\/wp\/v2\/media?parent=11"}],"curies":[{"name":"wp","href":"https:\/\/api.w.org\/{rel}","templated":true}]}}