{"id":13,"date":"2016-07-08T10:11:44","date_gmt":"2016-07-08T08:11:44","guid":{"rendered":"http:\/\/infopc16.net\/?page_id=13"},"modified":"2024-12-10T18:40:56","modified_gmt":"2024-12-10T17:40:56","slug":"services-depannage-informatique-maintenance-pc-angouleme-charente","status":"publish","type":"page","link":"https:\/\/infopc16.net\/index.php\/services-depannage-informatique-maintenance-pc-angouleme-charente\/","title":{"rendered":"NOS SERVICES"},"content":{"rendered":"<h3><span style=\"color: #000080;\">Assistance \u00e0 l&rsquo;outil informatique<\/span><\/h3>\n<p>Ordinateur, tablette, smartphone, on vous accompagne dans la d\u00e9couverte du num\u00e9rique. Mise en service, cr\u00e9ation d&rsquo;une messagerie \u00e9lectronique, transfert des donn\u00e9es, carnet d&rsquo;adresses, sauvegarde, etc&#8230;<\/p>\n<h3><span style=\"color: #000080;\">Aide \u00e0 l&rsquo;administration<\/span><\/h3>\n<p>D\u00e9claration CESU, renouvellement carte d&rsquo;identit\u00e9e\/passeport, ANTS ! Pas de panique, on vous aiguille de bout en bout.<\/p>\n<h3><span style=\"color: #000080;\">Audit &amp; Conseil<\/span><\/h3>\n<p>Nous \u00e9valuons votre \u00e9quipement et nous apportons des solutions appropri\u00e9es. Un forfait t\u00e9l\u00e9phonique trop \u00e9lev\u00e9, on vous trouve l&rsquo;op\u00e9rateur qu&rsquo;il vous faut ; vous y gagner en temps et en argent.<\/p>\n<h3><span style=\"color: #000080;\">Maintenance<\/span><\/h3>\n<p>Pour retrouver votre mat\u00e9riel au meilleur de sa forme : nettoyage des fichiers temporaires, d\u00e9poussi\u00e9rage, d\u00e9sinstallation de programmes inutiles, d\u00e9sinfection virale, optimisation, etc&#8230;<\/p>\n<h3><span style=\"color: #000080;\">Internet et votre box<\/span><\/h3>\n<p>Un abonnement \u00e0 un fournisseur d&rsquo;acc\u00e8s \u00e0 internet et voil\u00e0 que votre box arrive dans son emballage. Trop de c\u00e2bles, trop technique. Aucun soucis, nous l&rsquo;installons pour vous. On v\u00e9rifie, en m\u00eame temps, votre protection virale.<\/p>\n<h3><span style=\"color: #000080;\">Param\u00e9trage &amp; configuration<\/span><\/h3>\n<p>Votre imprimante ne r\u00e9pond plus, vous n&rsquo;avez plus de son. Nous recherchons la cause et corrigeons le probl\u00e8me.<\/p>\n<h3><span style=\"color: #000080;\">Sauvegarde<\/span><\/h3>\n<p>Pr\u00e9servez vos donn\u00e9es, documents, photos, vid\u00e9os en les copiant sur une unit\u00e9 externe. Nous vous proposons une astuce semi-automatique qui effectue le travail \u00e0 votre place. Profitez-en, le logiciel est gratuit.<\/p>\n","protected":false},"excerpt":{"rendered":"<p>Assistance \u00e0 l&rsquo;outil informatique Ordinateur, tablette, smartphone, on vous accompagne dans la d\u00e9couverte du num\u00e9rique. Mise en service, cr\u00e9ation d&rsquo;une messagerie \u00e9lectronique, transfert des donn\u00e9es, carnet d&rsquo;adresses, sauvegarde, etc&#8230; Aide \u00e0 l&rsquo;administration D\u00e9claration CESU, renouvellement carte d&rsquo;identit\u00e9e\/passeport, ANTS ! Pas<span class=\"ellipsis\">&hellip;<\/span><\/p>\n<div class=\"read-more\"><a href=\"https:\/\/infopc16.net\/index.php\/services-depannage-informatique-maintenance-pc-angouleme-charente\/\">Lire la suite <span class=\"screen-reader-text\">NOS SERVICES<\/span><span class=\"meta-nav\"> &#8250;<\/span><\/a><\/div>\n<p><!-- end of .read-more --><\/p>\n","protected":false},"author":1,"featured_media":0,"parent":0,"menu_order":0,"comment_status":"closed","ping_status":"closed","template":"page-templates\/full-width-page.php","meta":{"footnotes":""},"class_list":["post-13","page","type-page","status-publish","hentry"],"_links":{"self":[{"href":"https:\/\/infopc16.net\/index.php\/wp-json\/wp\/v2\/pages\/13","targetHints":{"allow":["GET"]}}],"collection":[{"href":"https:\/\/infopc16.net\/index.php\/wp-json\/wp\/v2\/pages"}],"about":[{"href":"https:\/\/infopc16.net\/index.php\/wp-json\/wp\/v2\/types\/page"}],"author":[{"embeddable":true,"href":"https:\/\/infopc16.net\/index.php\/wp-json\/wp\/v2\/users\/1"}],"replies":[{"embeddable":true,"href":"https:\/\/infopc16.net\/index.php\/wp-json\/wp\/v2\/comments?post=13"}],"version-history":[{"count":8,"href":"https:\/\/infopc16.net\/index.php\/wp-json\/wp\/v2\/pages\/13\/revisions"}],"predecessor-version":[{"id":175,"href":"https:\/\/infopc16.net\/index.php\/wp-json\/wp\/v2\/pages\/13\/revisions\/175"}],"wp:attachment":[{"href":"https:\/\/infopc16.net\/index.php\/wp-json\/wp\/v2\/media?parent=13"}],"curies":[{"name":"wp","href":"https:\/\/api.w.org\/{rel}","templated":true}]}}