{"id":159,"date":"2024-07-15T12:57:10","date_gmt":"2024-07-15T10:57:10","guid":{"rendered":"https:\/\/infopc16.net\/?page_id=159"},"modified":"2026-04-27T13:16:15","modified_gmt":"2026-04-27T11:16:15","slug":"mentions-legales","status":"publish","type":"page","link":"https:\/\/infopc16.net\/index.php\/mentions-legales\/","title":{"rendered":"Mentions L\u00e9gales"},"content":{"rendered":"\n\n\n<ol>\n<li>\n<h5><strong>\u00c9diteur du Site<\/strong><\/h5>\n<\/li>\n<\/ol>\n<p>Le pr\u00e9sent site internet (ci-apr\u00e8s le \u00ab\u00a0Site\u00a0\u00bb) est \u00e9dit\u00e9 par INFOPC16, Enterprise Individuelle, immatricul\u00e9e \u00e0 la Chambre des M\u00e9tiers et de l\u2019Artisanat d\u2019Angoul\u00eame sous le num\u00e9ro 510018617RM16, dont le si\u00e8ge social est situ\u00e9 au 35 rue Victor Hugo, 16340 L\u2019Isle d\u2019Espagnac. Vous pouvez nous contacter par mail \u00e0 contact@infopc16.net ou par t\u00e9l\u00e9phone au +33 6 19 96 33 38.<\/p>\n<ol start=\"2\">\n<li>\n<h5><strong>Directeur de la Publication<\/strong><\/h5>\n<\/li>\n<\/ol>\n<p>Le directeur de la publication du Site est Charles BOCQUET, en qualit\u00e9 de g\u00e9rant.<\/p>\n<ol start=\"3\">\n<li>\n<h5><strong>H\u00e9bergement<\/strong><\/h5>\n<\/li>\n<\/ol>\n<p>Le Site est h\u00e9berg\u00e9 par LWS &#8211; Ligne Web Services SAS soci\u00e9t\u00e9 de droit fran\u00e7ais, situ\u00e9 \u00e0 2 rue jules ferry 88190 Golbey, joignable au +33\u00a0177 62 30 03.<\/p>\n<ol start=\"4\">\n<li>\n<h5><strong>Propri\u00e9t\u00e9 Intellectuelle<\/strong><\/h5>\n<\/li>\n<\/ol>\n<p>Tous les contenus pr\u00e9sents sur le Site, incluant, de fa\u00e7on non limitative, les graphismes, images, textes, vid\u00e9os, animations, sons, logos, gifs et ic\u00f4nes ainsi que leur mise en forme sont la propri\u00e9t\u00e9 exclusive de INFOPC16, \u00e0 l&rsquo;exception des marques, logos ou contenus appartenant \u00e0 d&rsquo;autres soci\u00e9t\u00e9s partenaires ou auteurs.<\/p>\n<ol start=\"5\">\n<li><strong>Donn\u00e9es Personnelles<\/strong><\/li>\n<\/ol>\n<p>Les informations recueillies sur le Site font l\u2019objet d\u2019un traitement informatique destin\u00e9 aux statistiques de fr\u00e9quentation. Les destinataires des donn\u00e9es sont INFOPC16. Conform\u00e9ment \u00e0 la loi \u00ab\u00a0Informatique et Libert\u00e9s\u00a0\u00bb du 6 janvier 1978 modifi\u00e9e, vous b\u00e9n\u00e9ficiez d\u2019un droit d\u2019acc\u00e8s et de rectification aux informations qui vous concernent, que vous pouvez exercer en vous adressant \u00e0 contact@infopc16.net. Vous pouvez \u00e9galement, pour des motifs l\u00e9gitimes, vous opposer au traitement des donn\u00e9es vous concernant.<\/p>\n<ol start=\"6\">\n<li><strong>Cookies<\/strong><\/li>\n<\/ol>\n<p>Le Site infopc16.net n\u2019utilise pas de cookies.<\/p>\n<ol start=\"7\">\n<li><strong>Liens Hypertextes<\/strong><\/li>\n<\/ol>\n<p>Le Site peut contenir des liens hypertextes vers d\u2019autres sites pr\u00e9sents sur le r\u00e9seau Internet. Les liens vers ces autres ressources vous font quitter le Site. INFOPC16 ne peut \u00eatre tenu pour responsable du contenu de ces sites tiers.<\/p>\n<ol start=\"8\">\n<li><strong>Limitation de Responsabilit\u00e9<\/strong><\/li>\n<\/ol>\n<p>Les informations contenues sur le Site sont aussi pr\u00e9cises que possible et le Site est p\u00e9riodiquement remis \u00e0 jour, mais peut toutefois contenir des inexactitudes, des omissions ou des lacunes. Si vous constatez une lacune, erreur ou ce qui semble \u00eatre un dysfonctionnement, merci de bien vouloir le signaler par email \u00e0 contact@infopc16.net en d\u00e9crivant le probl\u00e8me de la mani\u00e8re la plus pr\u00e9cise possible (page posant probl\u00e8me, action d\u00e9clenchant, type d\u2019ordinateur et de navigateur utilis\u00e9, etc.).<\/p>\n<ol start=\"9\">\n<li><strong>Droit Applicable et Attribution de Juridiction<\/strong><\/li>\n<\/ol>\n<p>Tout litige en relation avec l\u2019utilisation du Site est soumis au droit fran\u00e7ais. Il est fait attribution exclusive de juridiction aux tribunaux comp\u00e9tents d\u2019Angoul\u00eame.<\/p>\n<ol start=\"10\">\n<li><strong>M\u00e9diation<\/strong><\/li>\n<\/ol>\n<p>\u00ab Conform\u00e9ment aux articles L.616-1 et R.616-1 du code de la consommation, nous proposons un dispositif de m\u00e9diation de la consommation. L&rsquo;entit\u00e9 de m\u00e9diation retenue est : MEDIATION CONSOMMATION DEVELOPPEMENT. En cas de litige, vous pouvez d\u00e9poser votre r\u00e9clamation sur son site : <span style=\"color: #333399;\"><a style=\"color: #333399;\" href=\"https:\/\/medconsodev.eu\">https:\/\/medconsodev.eu<\/a><\/span> ou par voie postale en \u00e9crivant \u00e0 MEDIATION CONSOMMATION DEVELOPPEMENT &#8211; 3 rueJ. Constant Milleret, 42000 SAINT-ETIENNE \u00bb<\/p>\n<p>\u00a0<\/p>\n<p><strong style=\"font-size: 1em;\">Modification des Mentions L\u00e9gales<\/strong><\/p>\n<p>INFOPC16 se r\u00e9serve le droit de modifier les pr\u00e9sentes mentions \u00e0 tout moment. L\u2019utilisateur s\u2019engage donc \u00e0 les consulter r\u00e9guli\u00e8rement.<\/p>\n<p>\u00a0<\/p>\n<p>Derni\u00e8res modifications le 27\/04\/2026<\/p>\n\n\n\n\n","protected":false},"excerpt":{"rendered":"<p>\u00c9diteur du Site Le pr\u00e9sent site internet (ci-apr\u00e8s le \u00ab\u00a0Site\u00a0\u00bb) est \u00e9dit\u00e9 par INFOPC16, Enterprise Individuelle, immatricul\u00e9e \u00e0 la Chambre des M\u00e9tiers et de l\u2019Artisanat d\u2019Angoul\u00eame sous le num\u00e9ro 510018617RM16, dont le si\u00e8ge social est situ\u00e9 au 35 rue Victor<span class=\"ellipsis\">&hellip;<\/span><\/p>\n<div class=\"read-more\"><a href=\"https:\/\/infopc16.net\/index.php\/mentions-legales\/\">Lire la suite <span class=\"screen-reader-text\">Mentions L\u00e9gales<\/span><span class=\"meta-nav\"> &#8250;<\/span><\/a><\/div>\n<p><!-- end of .read-more --><\/p>\n","protected":false},"author":1,"featured_media":0,"parent":0,"menu_order":0,"comment_status":"closed","ping_status":"closed","template":"page-templates\/full-width-page.php","meta":{"footnotes":""},"class_list":["post-159","page","type-page","status-publish","hentry"],"_links":{"self":[{"href":"https:\/\/infopc16.net\/index.php\/wp-json\/wp\/v2\/pages\/159","targetHints":{"allow":["GET"]}}],"collection":[{"href":"https:\/\/infopc16.net\/index.php\/wp-json\/wp\/v2\/pages"}],"about":[{"href":"https:\/\/infopc16.net\/index.php\/wp-json\/wp\/v2\/types\/page"}],"author":[{"embeddable":true,"href":"https:\/\/infopc16.net\/index.php\/wp-json\/wp\/v2\/users\/1"}],"replies":[{"embeddable":true,"href":"https:\/\/infopc16.net\/index.php\/wp-json\/wp\/v2\/comments?post=159"}],"version-history":[{"count":9,"href":"https:\/\/infopc16.net\/index.php\/wp-json\/wp\/v2\/pages\/159\/revisions"}],"predecessor-version":[{"id":197,"href":"https:\/\/infopc16.net\/index.php\/wp-json\/wp\/v2\/pages\/159\/revisions\/197"}],"wp:attachment":[{"href":"https:\/\/infopc16.net\/index.php\/wp-json\/wp\/v2\/media?parent=159"}],"curies":[{"name":"wp","href":"https:\/\/api.w.org\/{rel}","templated":true}]}}