{"id":17,"date":"2016-07-08T10:12:23","date_gmt":"2016-07-08T08:12:23","guid":{"rendered":"http:\/\/infopc16.net\/?page_id=17"},"modified":"2024-12-10T18:54:08","modified_gmt":"2024-12-10T17:54:08","slug":"tarifs","status":"publish","type":"page","link":"https:\/\/infopc16.net\/index.php\/tarifs\/","title":{"rendered":"TARIFS"},"content":{"rendered":"<h3><\/h3>\n<h4><span style=\"text-decoration: underline;\"><span style=\"color: #000080; text-decoration: underline;\">Prestations Horaires<\/span><\/span><\/h4>\n<p>les 30 premi\u00e8res minutes indivisibles\u00a0: 30 \u20ac<br \/>\n45 minutes\u00a0: 45 \u20ac<br \/>\n1 heure\u00a0: 60 \u20ac<br \/>\nAu-del\u00e0 d\u2019une heure\u00a0: Forfait \u00e0 70 \u20ac<\/p>\n<h4><span style=\"text-decoration: underline;\"><span style=\"color: #000080; text-decoration: underline;\">Nos Forfaits<\/span><\/span><\/h4>\n<p>Forfait Installation Internet et Box(1), 50 \u20ac<br \/>\nForfait\u00a0 Mise en service PC \/ Portable, 60 \u20ac<br \/>\nForfait Mise en service Tablette\/smartphone, 50 \u20ac<br \/>\nForfait (r\u00e9)-Installation de syst\u00e8me d&rsquo;exploitation(2), 70 \u20ac<br \/>\nForfait D\u00e9sinfection virale, 60 \u20ac<br \/>\nForfait R\u00e9cup\u00e9ration de donn\u00e9es(3), 50 \u20ac<br \/>\nForfait Sauvegarde, 20 \u20ac<\/p>\n<h4><span style=\"text-decoration: underline;\"><span style=\"color: #000080; text-decoration: underline;\">Moyens de paiement<\/span><\/span><\/h4>\n<p>Carte bancaire, ch\u00e8que, virement<\/p>\n<h4><span style=\"text-decoration: underline;\"><span style=\"color: #000080; text-decoration: underline;\">Service \u00e0 la personne<\/span><\/span><\/h4>\n<p>Toutes les sommes d\u00e9pens\u00e9es pour r\u00e9mun\u00e9rer des travaux d\u2019assistance informatique, \u00e0 l&rsquo;exception des frais de d\u00e9placement, ouvrent droit \u00e0 50% d\u2019aide fiscale, avec un plafond de d\u00e9penses de 3000 \u20ac par an et par foyer fiscal. (selon loi en vigueur)<\/p>\n<p><span style=\"text-decoration: underline;\">L\u2019aide fiscale prend la forme<\/span> :<br \/>\n. soit d\u2019une r\u00e9duction d\u2019imp\u00f4ts si vous \u00eates imposable,<br \/>\n. soit d\u2019un cr\u00e9dit d\u2019imp\u00f4ts \u00a0si vous n\u2019\u00eates pas imposable<br \/>\n. ou si la r\u00e9duction d&rsquo;imp\u00f4t exc\u00e8de l&rsquo;imp\u00f4t d\u00fb (l&rsquo;exc\u00e9dent est restitu\u00e9 au contribuable)<\/p>\n<p><em><span style=\"font-size: 12px;\">(1) &#8211; Sous r\u00e9serve de fonctionnement de votre ligne ADSL\/Fibre, du mat\u00e9riel de connexion (box, modem, routeur, switch) et de votre PC.<\/span><\/em><br \/>\n<em><span style=\"font-size: 12px;\"> (2) &#8211; Vous devez obligatoirement fournir le logiciel officiel muni de son num\u00e9ro de licence. Installation avec les drivers de vos p\u00e9riph\u00e9riques, les mises \u00e0 jour Microsoft et optimisation du syst\u00e8me.<\/span><\/em><br \/>\n<em><span style=\"font-size: 12px;\"> (3) &#8211; R\u00e9cup\u00e9ration de vos donn\u00e9es suite \u00e0 un formatage accidentel ou une erreur du syst\u00e8me d&rsquo;exploitation. En cas d&rsquo;impossibilit\u00e9 par nos moyens, INFOPC16 vous propose des sp\u00e9cialistes en crashdisk travaillant en salles blanches.<\/span><\/em><\/p>\n<p><em><span style=\"font-size: 12px;\">Tarif au 1er Janvier 2020- TVA non applicable, art. 293 B du CGI<\/span><\/em><br \/>\n<em><span style=\"font-size: 12px;\"> Ces tarifs ne comprennent en aucun cas le d\u00e9placement (Voir zone d&rsquo;intervention).<\/span><\/em><br \/>\n<em><span style=\"font-size: 12px;\"> Ces tarifs sont susceptibles d&rsquo;\u00eatre modifi\u00e9s sans pr\u00e9avis.<\/span><\/em><\/p>\n","protected":false},"excerpt":{"rendered":"<p>Prestations Horaires les 30 premi\u00e8res minutes indivisibles\u00a0: 30 \u20ac 45 minutes\u00a0: 45 \u20ac 1 heure\u00a0: 60 \u20ac Au-del\u00e0 d\u2019une heure\u00a0: Forfait \u00e0 70 \u20ac Nos Forfaits Forfait Installation Internet et Box(1), 50 \u20ac Forfait\u00a0 Mise en service PC \/ Portable,<span class=\"ellipsis\">&hellip;<\/span><\/p>\n<div class=\"read-more\"><a href=\"https:\/\/infopc16.net\/index.php\/tarifs\/\">Lire la suite <span class=\"screen-reader-text\">TARIFS<\/span><span class=\"meta-nav\"> &#8250;<\/span><\/a><\/div>\n<p><!-- end of .read-more --><\/p>\n","protected":false},"author":1,"featured_media":0,"parent":0,"menu_order":0,"comment_status":"closed","ping_status":"closed","template":"page-templates\/full-width-page.php","meta":{"footnotes":""},"class_list":["post-17","page","type-page","status-publish","hentry"],"_links":{"self":[{"href":"https:\/\/infopc16.net\/index.php\/wp-json\/wp\/v2\/pages\/17","targetHints":{"allow":["GET"]}}],"collection":[{"href":"https:\/\/infopc16.net\/index.php\/wp-json\/wp\/v2\/pages"}],"about":[{"href":"https:\/\/infopc16.net\/index.php\/wp-json\/wp\/v2\/types\/page"}],"author":[{"embeddable":true,"href":"https:\/\/infopc16.net\/index.php\/wp-json\/wp\/v2\/users\/1"}],"replies":[{"embeddable":true,"href":"https:\/\/infopc16.net\/index.php\/wp-json\/wp\/v2\/comments?post=17"}],"version-history":[{"count":11,"href":"https:\/\/infopc16.net\/index.php\/wp-json\/wp\/v2\/pages\/17\/revisions"}],"predecessor-version":[{"id":183,"href":"https:\/\/infopc16.net\/index.php\/wp-json\/wp\/v2\/pages\/17\/revisions\/183"}],"wp:attachment":[{"href":"https:\/\/infopc16.net\/index.php\/wp-json\/wp\/v2\/media?parent=17"}],"curies":[{"name":"wp","href":"https:\/\/api.w.org\/{rel}","templated":true}]}}