{"id":19,"date":"2016-07-08T10:13:00","date_gmt":"2016-07-08T08:13:00","guid":{"rendered":"http:\/\/infopc16.net\/?page_id=19"},"modified":"2016-08-12T13:37:54","modified_gmt":"2016-08-12T11:37:54","slug":"contacts","status":"publish","type":"page","link":"https:\/\/infopc16.net\/index.php\/contacts\/","title":{"rendered":"CONTACTS"},"content":{"rendered":"<p><strong>INFOPC 16 est situ\u00e9 en Charente<\/strong>.<br \/>\nNous intervenons \u00e0 votre domicile.<\/p>\n<h2>T\u00e9l\u00e9phone\u00a0: <span style=\"color: #000080;\">06 19 96 33 38<\/span><\/h2>\n<h2>Courriel\u00a0:\u00a0<span style=\"color: #000080;\">contact(at)infopc16.net<\/span><\/h2>\n<p>&nbsp;<\/p>\n","protected":false},"excerpt":{"rendered":"<p>INFOPC 16 est situ\u00e9 en Charente. Nous intervenons \u00e0 votre domicile. T\u00e9l\u00e9phone\u00a0: 06 19 96 33 38 Courriel\u00a0:\u00a0contact(at)infopc16.net &nbsp;<\/p>\n","protected":false},"author":1,"featured_media":0,"parent":0,"menu_order":0,"comment_status":"closed","ping_status":"closed","template":"page-templates\/full-width-page.php","meta":{"footnotes":""},"class_list":["post-19","page","type-page","status-publish","hentry"],"_links":{"self":[{"href":"https:\/\/infopc16.net\/index.php\/wp-json\/wp\/v2\/pages\/19","targetHints":{"allow":["GET"]}}],"collection":[{"href":"https:\/\/infopc16.net\/index.php\/wp-json\/wp\/v2\/pages"}],"about":[{"href":"https:\/\/infopc16.net\/index.php\/wp-json\/wp\/v2\/types\/page"}],"author":[{"embeddable":true,"href":"https:\/\/infopc16.net\/index.php\/wp-json\/wp\/v2\/users\/1"}],"replies":[{"embeddable":true,"href":"https:\/\/infopc16.net\/index.php\/wp-json\/wp\/v2\/comments?post=19"}],"version-history":[{"count":4,"href":"https:\/\/infopc16.net\/index.php\/wp-json\/wp\/v2\/pages\/19\/revisions"}],"predecessor-version":[{"id":51,"href":"https:\/\/infopc16.net\/index.php\/wp-json\/wp\/v2\/pages\/19\/revisions\/51"}],"wp:attachment":[{"href":"https:\/\/infopc16.net\/index.php\/wp-json\/wp\/v2\/media?parent=19"}],"curies":[{"name":"wp","href":"https:\/\/api.w.org\/{rel}","templated":true}]}}